{"id":23,"date":"2021-10-05T18:15:54","date_gmt":"2021-10-05T18:15:54","guid":{"rendered":"https:\/\/pitchout.mx\/?page_id=23"},"modified":"2024-03-19T00:04:10","modified_gmt":"2024-03-19T06:04:10","slug":"about","status":"publish","type":"page","link":"https:\/\/pitchout.mx\/","title":{"rendered":"Pitchout Podcast"},"content":{"rendered":"\n<h2 class=\"wp-block-heading has-text-align-center\">\u00bfQui\u00e9nes somos?<\/h2>\n\n\n<div class=\"wp-block-image is-style-rounded\">\n<figure class=\"aligncenter size-full is-resized\"><img loading=\"lazy\" decoding=\"async\" width=\"1600\" height=\"1200\" src=\"http:\/\/pitchout.mx\/wp-content\/uploads\/2023\/11\/WhatsApp-Image-2022-11-29-at-11.39.15.jpeg\" alt=\"\" class=\"wp-image-161\" style=\"width:383px;height:auto\" srcset=\"https:\/\/pitchout.mx\/wp-content\/uploads\/2023\/11\/WhatsApp-Image-2022-11-29-at-11.39.15.jpeg 1600w, https:\/\/pitchout.mx\/wp-content\/uploads\/2023\/11\/WhatsApp-Image-2022-11-29-at-11.39.15-300x225.jpeg 300w, https:\/\/pitchout.mx\/wp-content\/uploads\/2023\/11\/WhatsApp-Image-2022-11-29-at-11.39.15-1024x768.jpeg 1024w, https:\/\/pitchout.mx\/wp-content\/uploads\/2023\/11\/WhatsApp-Image-2022-11-29-at-11.39.15-768x576.jpeg 768w, https:\/\/pitchout.mx\/wp-content\/uploads\/2023\/11\/WhatsApp-Image-2022-11-29-at-11.39.15-1536x1152.jpeg 1536w, https:\/\/pitchout.mx\/wp-content\/uploads\/2023\/11\/WhatsApp-Image-2022-11-29-at-11.39.15-128x96.jpeg 128w, https:\/\/pitchout.mx\/wp-content\/uploads\/2023\/11\/WhatsApp-Image-2022-11-29-at-11.39.15-32x24.jpeg 32w, https:\/\/pitchout.mx\/wp-content\/uploads\/2023\/11\/WhatsApp-Image-2022-11-29-at-11.39.15-1320x990.jpeg 1320w, https:\/\/pitchout.mx\/wp-content\/uploads\/2023\/11\/WhatsApp-Image-2022-11-29-at-11.39.15-600x450.jpeg 600w\" sizes=\"auto, (max-width: 1600px) 100vw, 1600px\" \/><\/figure>\n<\/div>\n\n\n<hr class=\"wp-block-separator aligncenter has-css-opacity is-style-wide mt-2 mb-2\"\/>\n\n\n\n<p>\u00a1Bienvenidos amantes del Rey de los Deportes!<\/p>\n\n\n\n<p>Nos da mucho gusto presentarles una apasionante conversaci\u00f3n entre Gustavo Pe\u00f1a y C\u00e9sar \u00c1lvarez, sobre el b\u00e9isbol en nuestro pa\u00eds. En esta pl\u00e1tica nos adentraremos en diversos aspectos del b\u00e9isbol mexicano, incluyendo la Liga Mexicana de B\u00e9isbol (LMB), la Liga Mexicana del Pac\u00edfico (LMP) y los eventos destacados que ocurren en nuestro pa\u00eds en torno al \u00e9ste deporte.<br>Siguiendo nuestras redes sociales, podr\u00e1s mantenerte informado sobre los acontecimientos m\u00e1s relevantes del b\u00e9isbol mexicano.<\/p>\n\n\n\n<p>Encontrar\u00e1s actualizaciones, an\u00e1lisis, entrevistas y mucho m\u00e1s. \u00a1No te pierdas nada y \u00fanete a nuestra comunidad de fan\u00e1ticos apasionados del juego de pelota!<\/p>\n\n\n\n<p>S\u00edguenos en Twitter: <a href=\"https:\/\/twitter.com\/PodcastPitchOut\" title=\"\">@podcastpitchout<\/a><br>S\u00edguenos en Instagram: <a href=\"https:\/\/www.instagram.com\/podcastpitchout\/\" title=\"\">@podcastpitchout<\/a><br>Dale me gusta en Facebook: <a href=\"https:\/\/www.facebook.com\/PITCHOUTPODCAST\" title=\"\">Pitchout Podcast<\/a><br>Suscr\u00edbete a nuestro canal de YouTube: <a href=\"https:\/\/www.youtube.com\/pitchoutpodcast\" title=\"\">Pitchout Podcast<\/a><\/p>\n\n\n\n<p>No olvides compartir con nosotros tus comentarios y sugerencias.<br>\u00a1Nos vemos en las redes sociales!<\/p>\n\n\n\n<h2 class=\"wp-block-heading mt-0\">Equipo Pitchout Podcast<\/h2>\n\n\n<div class=\"wp-block-image is-style-rounded\">\n<figure class=\"aligncenter size-large is-resized\"><img loading=\"lazy\" decoding=\"async\" width=\"1067\" height=\"800\" src=\"https:\/\/pitchout.mx\/wp-content\/uploads\/2023\/11\/WhatsApp-Image-2022-11-16-at-21.51.15-1-edited.jpeg\" alt=\"\" class=\"wp-image-167\" style=\"width:323px;height:auto\" srcset=\"https:\/\/pitchout.mx\/wp-content\/uploads\/2023\/11\/WhatsApp-Image-2022-11-16-at-21.51.15-1-edited.jpeg 1067w, https:\/\/pitchout.mx\/wp-content\/uploads\/2023\/11\/WhatsApp-Image-2022-11-16-at-21.51.15-1-edited-300x225.jpeg 300w, https:\/\/pitchout.mx\/wp-content\/uploads\/2023\/11\/WhatsApp-Image-2022-11-16-at-21.51.15-1-edited-1024x768.jpeg 1024w, https:\/\/pitchout.mx\/wp-content\/uploads\/2023\/11\/WhatsApp-Image-2022-11-16-at-21.51.15-1-edited-768x576.jpeg 768w, https:\/\/pitchout.mx\/wp-content\/uploads\/2023\/11\/WhatsApp-Image-2022-11-16-at-21.51.15-1-edited-128x96.jpeg 128w, https:\/\/pitchout.mx\/wp-content\/uploads\/2023\/11\/WhatsApp-Image-2022-11-16-at-21.51.15-1-edited-32x24.jpeg 32w, https:\/\/pitchout.mx\/wp-content\/uploads\/2023\/11\/WhatsApp-Image-2022-11-16-at-21.51.15-1-edited-600x450.jpeg 600w\" sizes=\"auto, (max-width: 1067px) 100vw, 1067px\" \/><\/figure>\n<\/div>\n\n\n<div class=\"wp-block-columns cols-bordered cols-padding cols-single-sm gap-30 pb-5 cols-shadow-hover is-layout-flex wp-container-core-columns-is-layout-9d6595d7 wp-block-columns-is-layout-flex\">\n<div class=\"wp-block-column is-layout-flow wp-block-column-is-layout-flow\">\n<h3 class=\"wp-block-heading has-text-align-center mt-1 mb-0\">Jorge Valdes<\/h3>\n\n\n\n<h5 class=\"wp-block-heading has-text-align-center mt-0 mb-1 has-main-color has-text-color\">Productor<\/h5>\n\n\n\n<p class=\"has-text-align-center mb-0\"> @JorgeValgar<\/p>\n<\/div>\n\n\n\n<div class=\"wp-block-column is-layout-flow wp-block-column-is-layout-flow\">\n<h3 class=\"wp-block-heading has-text-align-center mt-1 mb-0\">Gustavo Pe\u00f1a<\/h3>\n\n\n\n<h5 class=\"wp-block-heading has-text-align-center mt-0 mb-1 has-main-color has-text-color\">Locutor<\/h5>\n\n\n\n<p class=\"has-text-align-center mb-0\"> <a href=\"https:\/\/twitter.com\/gusisport\" title=\"\">@Gusisport<\/a><\/p>\n<\/div>\n\n\n\n<div class=\"wp-block-column is-layout-flow wp-block-column-is-layout-flow\">\n<h3 class=\"wp-block-heading has-text-align-center mt-1 mb-0\">C\u00e9sar \u00c1lvarez <\/h3>\n\n\n\n<h5 class=\"wp-block-heading has-text-align-center mt-0 mb-1 has-main-color has-text-color\">Locutor \/ Editor<\/h5>\n\n\n\n<p class=\"has-text-align-center mb-0\"> <a href=\"https:\/\/www.instagram.com\/cesaralvarami\/\" title=\"\">@CesarAlvaRami<\/a><\/p>\n<\/div>\n<\/div>\n\n\n\n<hr class=\"wp-block-separator aligncenter has-alpha-channel-opacity\"\/>\n","protected":false},"excerpt":{"rendered":"<p>\u00bfQui\u00e9nes somos? \u00a1Bienvenidos amantes del Rey de los Deportes! Nos da mucho gusto presentarles una apasionante conversaci\u00f3n entre Gustavo Pe\u00f1a y C\u00e9sar \u00c1lvarez, sobre el b\u00e9isbol en nuestro pa\u00eds. En [&hellip;]<\/p>\n","protected":false},"author":1,"featured_media":17,"parent":0,"menu_order":0,"comment_status":"closed","ping_status":"closed","template":"","meta":{"_monsterinsights_skip_tracking":false,"_monsterinsights_sitenote_active":false,"_monsterinsights_sitenote_note":"","_monsterinsights_sitenote_category":0,"footnotes":""},"class_list":["post-23","page","type-page","status-publish","has-post-thumbnail","hentry"],"aioseo_notices":[],"jetpack_sharing_enabled":true,"_links":{"self":[{"href":"https:\/\/pitchout.mx\/index.php\/wp-json\/wp\/v2\/pages\/23","targetHints":{"allow":["GET"]}}],"collection":[{"href":"https:\/\/pitchout.mx\/index.php\/wp-json\/wp\/v2\/pages"}],"about":[{"href":"https:\/\/pitchout.mx\/index.php\/wp-json\/wp\/v2\/types\/page"}],"author":[{"embeddable":true,"href":"https:\/\/pitchout.mx\/index.php\/wp-json\/wp\/v2\/users\/1"}],"replies":[{"embeddable":true,"href":"https:\/\/pitchout.mx\/index.php\/wp-json\/wp\/v2\/comments?post=23"}],"version-history":[{"count":22,"href":"https:\/\/pitchout.mx\/index.php\/wp-json\/wp\/v2\/pages\/23\/revisions"}],"predecessor-version":[{"id":325,"href":"https:\/\/pitchout.mx\/index.php\/wp-json\/wp\/v2\/pages\/23\/revisions\/325"}],"wp:featuredmedia":[{"embeddable":true,"href":"https:\/\/pitchout.mx\/index.php\/wp-json\/wp\/v2\/media\/17"}],"wp:attachment":[{"href":"https:\/\/pitchout.mx\/index.php\/wp-json\/wp\/v2\/media?parent=23"}],"curies":[{"name":"wp","href":"https:\/\/api.w.org\/{rel}","templated":true}]}}