{"id":26,"date":"2021-10-05T18:15:54","date_gmt":"2021-10-05T18:15:54","guid":{"rendered":"https:\/\/pitchout.mx\/?page_id=26"},"modified":"2024-11-22T16:34:23","modified_gmt":"2024-11-22T22:34:23","slug":"contact","status":"publish","type":"page","link":"https:\/\/pitchout.mx\/index.php\/contact\/","title":{"rendered":"Contacto"},"content":{"rendered":"\n<div class=\"wp-block-columns cols-single-sm gap-50 pt-2 is-layout-flex wp-container-core-columns-is-layout-9d6595d7 wp-block-columns-is-layout-flex\">\n<div class=\"wp-block-column is-layout-flow wp-block-column-is-layout-flow\"><div class=\"wp-block-image is-resized mb-0\">\n<figure class=\"aligncenter size-large\"><img decoding=\"async\" src=\"https:\/\/pitchout.mx\/wp-content\/themes\/exs\/assets\/img\/mail-outline.png\" alt=\"\" class=\"wp-image-501\"\/><\/figure>\n<\/div>\n\n\n<h3 class=\"wp-block-heading has-text-align-center mt-05 mb-0\">Correo<\/h3>\n\n\n\n<p class=\"has-text-align-center mt-1\"> <a href=\"mailto:contacto@pitchout.mx\" title=\"\">contacto@pitchout.mx<\/a><\/p>\n<\/div>\n\n\n\n<div class=\"wp-block-column is-layout-flow wp-block-column-is-layout-flow\"><div class=\"wp-block-image is-resized mb-0\">\n<figure class=\"aligncenter size-large\"><img decoding=\"async\" src=\"https:\/\/pitchout.mx\/wp-content\/themes\/exs\/assets\/img\/call-outline.png\" alt=\"\" class=\"wp-image-524\"\/><\/figure>\n<\/div>\n\n\n<h3 class=\"wp-block-heading has-text-align-center mt-05 mb-0\">N\u00famero<\/h3>\n\n\n\n<p class=\"has-text-align-center mt-1\"> +52 5528144151<\/p>\n<\/div>\n\n\n\n<div class=\"wp-block-column is-layout-flow wp-block-column-is-layout-flow\"><div class=\"wp-block-image is-resized mb-0\">\n<figure class=\"aligncenter size-large\"><img decoding=\"async\" src=\"https:\/\/pitchout.mx\/wp-content\/themes\/exs\/assets\/img\/location-outline.png\" alt=\"\" class=\"wp-image-502\"\/><\/figure>\n<\/div>\n\n\n<h3 class=\"wp-block-heading has-text-align-center mt-05 mb-0\">Ubicaci\u00f3n<\/h3>\n\n\n\n<p class=\"has-text-align-center mt-1\">CDMX, M\u00e9xico<\/p>\n<\/div>\n<\/div>\n\n\n\n<div class=\"wp-block-jetpack-send-a-message\">\n<div class=\"wp-block-jetpack-whatsapp-button aligncenter is-color-dark\"><a class=\"whatsapp-block__button\" href=\"https:\/\/api.whatsapp.com\/send?phone=525528144151\" style=\"background-color:#25D366;color:#fff\" target=\"_blank\" rel=\"noopener noreferrer\">Chat WhatsApp<\/a><\/div>\n<\/div>\n\n\n\n<p><\/p>\n\n\n<div class=\"wp-block-image\">\n<figure class=\"aligncenter size-large is-resized\"><a href=\"https:\/\/twitter.com\/gusisport\"><img loading=\"lazy\" decoding=\"async\" width=\"1024\" height=\"341\" src=\"http:\/\/pitchout.mx\/wp-content\/uploads\/2024\/02\/image0-1024x341.jpeg\" alt=\"\" class=\"wp-image-312\" style=\"width:622px;height:auto\" srcset=\"https:\/\/pitchout.mx\/wp-content\/uploads\/2024\/02\/image0-1024x341.jpeg 1024w, https:\/\/pitchout.mx\/wp-content\/uploads\/2024\/02\/image0-300x100.jpeg 300w, https:\/\/pitchout.mx\/wp-content\/uploads\/2024\/02\/image0-768x256.jpeg 768w, https:\/\/pitchout.mx\/wp-content\/uploads\/2024\/02\/image0-128x43.jpeg 128w, https:\/\/pitchout.mx\/wp-content\/uploads\/2024\/02\/image0-32x11.jpeg 32w, https:\/\/pitchout.mx\/wp-content\/uploads\/2024\/02\/image0-600x200.jpeg 600w, https:\/\/pitchout.mx\/wp-content\/uploads\/2024\/02\/image0.jpeg 1200w\" sizes=\"auto, (max-width: 1024px) 100vw, 1024px\" \/><\/a><\/figure>\n<\/div>\n\n<div class=\"wp-block-image\">\n<figure class=\"aligncenter size-full is-resized\"><img loading=\"lazy\" decoding=\"async\" width=\"1200\" height=\"400\" src=\"https:\/\/pitchout.mx\/wp-content\/uploads\/2024\/02\/FirmaJorge.jpg\" alt=\"\" class=\"wp-image-311\" style=\"width:645px;height:auto\" srcset=\"https:\/\/pitchout.mx\/wp-content\/uploads\/2024\/02\/FirmaJorge.jpg 1200w, https:\/\/pitchout.mx\/wp-content\/uploads\/2024\/02\/FirmaJorge-300x100.jpg 300w, https:\/\/pitchout.mx\/wp-content\/uploads\/2024\/02\/FirmaJorge-1024x341.jpg 1024w, https:\/\/pitchout.mx\/wp-content\/uploads\/2024\/02\/FirmaJorge-768x256.jpg 768w, https:\/\/pitchout.mx\/wp-content\/uploads\/2024\/02\/FirmaJorge-128x43.jpg 128w, https:\/\/pitchout.mx\/wp-content\/uploads\/2024\/02\/FirmaJorge-32x11.jpg 32w, https:\/\/pitchout.mx\/wp-content\/uploads\/2024\/02\/FirmaJorge-600x200.jpg 600w\" sizes=\"auto, (max-width: 1200px) 100vw, 1200px\" \/><\/figure>\n<\/div>\n\n<div class=\"wp-block-image\">\n<figure class=\"aligncenter size-full is-resized\"><a href=\"https:\/\/pitchout.mx\/wp-content\/uploads\/2024\/11\/FirmaCesar-2.jpg\"><img loading=\"lazy\" decoding=\"async\" width=\"1200\" height=\"400\" src=\"https:\/\/pitchout.mx\/wp-content\/uploads\/2024\/11\/FirmaCesar-2.jpg\" alt=\"\" class=\"wp-image-441\" style=\"width:654px;height:auto\" srcset=\"https:\/\/pitchout.mx\/wp-content\/uploads\/2024\/11\/FirmaCesar-2.jpg 1200w, https:\/\/pitchout.mx\/wp-content\/uploads\/2024\/11\/FirmaCesar-2-300x100.jpg 300w, https:\/\/pitchout.mx\/wp-content\/uploads\/2024\/11\/FirmaCesar-2-1024x341.jpg 1024w, https:\/\/pitchout.mx\/wp-content\/uploads\/2024\/11\/FirmaCesar-2-768x256.jpg 768w, https:\/\/pitchout.mx\/wp-content\/uploads\/2024\/11\/FirmaCesar-2-128x43.jpg 128w, https:\/\/pitchout.mx\/wp-content\/uploads\/2024\/11\/FirmaCesar-2-32x11.jpg 32w, https:\/\/pitchout.mx\/wp-content\/uploads\/2024\/11\/FirmaCesar-2-600x200.jpg 600w\" sizes=\"auto, (max-width: 1200px) 100vw, 1200px\" \/><\/a><\/figure>\n<\/div>","protected":false},"excerpt":{"rendered":"<p>Correo contacto@pitchout.mx N\u00famero +52 5528144151 Ubicaci\u00f3n CDMX, M\u00e9xico<\/p>\n","protected":false},"author":1,"featured_media":0,"parent":0,"menu_order":0,"comment_status":"closed","ping_status":"closed","template":"","meta":{"_monsterinsights_skip_tracking":false,"_monsterinsights_sitenote_active":false,"_monsterinsights_sitenote_note":"","_monsterinsights_sitenote_category":0,"footnotes":""},"class_list":["post-26","page","type-page","status-publish","hentry"],"aioseo_notices":[],"jetpack_sharing_enabled":true,"_links":{"self":[{"href":"https:\/\/pitchout.mx\/index.php\/wp-json\/wp\/v2\/pages\/26","targetHints":{"allow":["GET"]}}],"collection":[{"href":"https:\/\/pitchout.mx\/index.php\/wp-json\/wp\/v2\/pages"}],"about":[{"href":"https:\/\/pitchout.mx\/index.php\/wp-json\/wp\/v2\/types\/page"}],"author":[{"embeddable":true,"href":"https:\/\/pitchout.mx\/index.php\/wp-json\/wp\/v2\/users\/1"}],"replies":[{"embeddable":true,"href":"https:\/\/pitchout.mx\/index.php\/wp-json\/wp\/v2\/comments?post=26"}],"version-history":[{"count":17,"href":"https:\/\/pitchout.mx\/index.php\/wp-json\/wp\/v2\/pages\/26\/revisions"}],"predecessor-version":[{"id":442,"href":"https:\/\/pitchout.mx\/index.php\/wp-json\/wp\/v2\/pages\/26\/revisions\/442"}],"wp:attachment":[{"href":"https:\/\/pitchout.mx\/index.php\/wp-json\/wp\/v2\/media?parent=26"}],"curies":[{"name":"wp","href":"https:\/\/api.w.org\/{rel}","templated":true}]}}